{"id":11,"date":"2014-03-21T13:23:45","date_gmt":"2014-03-21T13:23:45","guid":{"rendered":"http:\/\/localhost\/academiaderock\/?page_id=11"},"modified":"2014-04-30T09:20:41","modified_gmt":"2014-04-30T09:20:41","slug":"camp","status":"publish","type":"page","link":"\/?page_id=11","title":{"rendered":"Rock Camp"},"content":{"rendered":"<h2>ACADEMIA CAMP<\/h2>\n<p>In fiecare an are loc <strong>Academia Camp<\/strong>, unde participantii se distreaza si exerseaza. Vezi mai jos cum au fost editiile trecute.<\/p>\n<h2>Academia Rock Camp XIV (2014)<\/h2>\n<p>Tab\u0103ra de chitar\u0103 <strong>Academia Rock Camp<\/strong>, Edi\u0163ia a-XIV-a se organizeaz\u0103 \u00een perioada 21 \u2013 27 iulie 2014 la Bu\u015fteni.<\/p>\n<p>Se asigur\u0103 cazarea (6 nopti) \u00eentr-o vil\u0103 cochet\u0103, masa (3 mese\/zi), 2 \u015fedinte de chitar\u0103 \/ zi cu Adi Manolovici \u015fi concert de final in Club Condor.<\/p>\n<p>Vila (3 stele) a fost construit\u0103 \u00een 2006, are o arhitectur\u0103 rustic\u0103-montan\u0103 \u015fi este dotat\u0103 cu facilita\u0163i dintre cele mai moderne: mini bar, aparat de f\u0103cut cafea sau ceai, televizor cu telecomand\u0103, televiziune prin cablu, uscator de p\u0103r, toalete cu cad\u0103 de baie, cabin\u0103 de du\u015f sau jacuzzi, acces internet WiFi gratuit \u00een toate camerele.<\/p>\n<p>Sport: ping-pong (in sala), badminton, fotbal, etc.<\/p>\n<p>Excursie Cascada Urlatoare, foc de tabar\u0103, cartofi cop\u0163i, gr\u0103tar, proiectie concerte pe ecran gigant, etc.<\/p>\n<p>Concert de final in Condor Bar !<\/p>\n<p>Num\u0103rul de locuri este limitat !<\/p>\n<p>Pre\u0163 total: 1200 lei (avans 600 lei pentru rezervare)<\/p>\n<p>Relatii si inscrieri la tel. 0766-MANOLO<\/p>\n<p>\u00censcrieri p\u00e2n\u0103 la data de 30 aprilie 2014 la tel. 0766-626656.<\/p>\n<h3>Imagini de la editiile precedente:<\/h3>\n<p><iframe loading=\"lazy\" width=\"640\" height=\"360\" src=\"\/\/www.youtube.com\/embed\/dcf0afCxduQ?feature=player_detailpage\" frameborder=\"0\" allowfullscreen><\/iframe><\/p>\n<p><iframe loading=\"lazy\" width=\"640\" height=\"360\" src=\"\/\/www.youtube.com\/embed\/_QAlQ0Tv84E?feature=player_detailpage\" frameborder=\"0\" allowfullscreen><\/iframe><\/p>\n","protected":false},"excerpt":{"rendered":"<p>ACADEMIA CAMP In fiecare an are loc Academia Camp, unde participantii se distreaza si exerseaza. Vezi mai jos cum au fost editiile trecute. Academia Rock Camp XIV (2014) Tab\u0103ra de chitar\u0103 Academia Rock Camp, Edi\u0163ia a-XIV-a se organizeaz\u0103 \u00een perioada 21 \u2013 27 iulie 2014 la Bu\u015fteni. Se asigur\u0103 cazarea (6 nopti) \u00eentr-o vil\u0103 cochet\u0103, &hellip; <a href=\"\/?page_id=11\" class=\"more-link\">Continue reading <span class=\"screen-reader-text\">Rock Camp<\/span> <span class=\"meta-nav\">&rarr;<\/span><\/a><\/p>\n","protected":false},"author":1,"featured_media":0,"parent":0,"menu_order":0,"comment_status":"closed","ping_status":"closed","template":"","meta":{"footnotes":""},"_links":{"self":[{"href":"\/index.php?rest_route=\/wp\/v2\/pages\/11"}],"collection":[{"href":"\/index.php?rest_route=\/wp\/v2\/pages"}],"about":[{"href":"\/index.php?rest_route=\/wp\/v2\/types\/page"}],"author":[{"embeddable":true,"href":"\/index.php?rest_route=\/wp\/v2\/users\/1"}],"replies":[{"embeddable":true,"href":"\/index.php?rest_route=%2Fwp%2Fv2%2Fcomments&post=11"}],"version-history":[{"count":16,"href":"\/index.php?rest_route=\/wp\/v2\/pages\/11\/revisions"}],"predecessor-version":[{"id":946,"href":"\/index.php?rest_route=\/wp\/v2\/pages\/11\/revisions\/946"}],"wp:attachment":[{"href":"\/index.php?rest_route=%2Fwp%2Fv2%2Fmedia&parent=11"}],"curies":[{"name":"wp","href":"https:\/\/api.w.org\/{rel}","templated":true}]}}