{"id":51,"date":"2014-03-21T16:56:40","date_gmt":"2014-03-21T16:56:40","guid":{"rendered":"http:\/\/localhost\/academiaderock\/?page_id=51"},"modified":"2026-01-10T15:02:04","modified_gmt":"2026-01-10T12:02:04","slug":"home","status":"publish","type":"page","link":"\/","title":{"rendered":"Bun venit!"},"content":{"rendered":"<table>\n<tbody>\n<tr style=\"background-color: #3090a0;\">\n<td style=\"width: 55%;\"><a href=\"http:\/\/www.manolovici.ro\" target=\"_blank\" rel=\"noopener\"><br \/>\n<img loading=\"lazy\" decoding=\"async\" src=\".\/wp-content\/resource\/intro\/Adi-Manolovici_16.png\" alt=\"Invata sa canti la chitara alaturi de un profesionist\" width=\"535\" height=\"572\"><\/a><\/td>\n<td style=\"width: 45%;\">\n<p style=\"color: white; font-size: 150%;\">Inva\u021b\u0103 s\u0103 c\u00e2n\u021bi la chitar\u0103 al\u0103turi de un profesionist dup\u0103 o metod\u0103 proprie \u0219i interna\u021bional\u0103 po\u021bi deveni un chitarist de excep\u021bie.<\/p>\n<p style=\"color: white; font-size: 150%;\">Te po\u021bi \u00eenscrie la telefon 0766 \u2013 MANOLO.<\/p>\n<\/td>\n<\/tr>\n<\/tbody>\n<\/table>\n<h3>Eveniment<\/h3>\n<h4>30 ianuarie 2026 &#8211; Friday night in Koko Loko<\/h4>\n<p>\ud83d\udcc6 Vineri, 30 ianuarie 2026 \ud83d\udd59 Open doors at 7PM<br \/>\n\u260e\ufe0f Rezerv\u0103ri: 0766&nbsp;626&nbsp;656 \ud83c\udf0d Str. Mihaela Ruxandra Marcu nr.&nbsp;3<\/p>\n<p>V\u0103 a\u0219tept\u0103m cu drag la urm\u0103torul nostru event. Rezerva\u021bi din timp, locurile sunt limitate. Keep on rockin&#8217;! \ud83d\ude0e\ud83c\udfb8\ud83c\udfb6<\/p>\n<div id=\"envira-gallery-wrap-1153\" class=\"envira-gallery-wrap envira-gallery-theme-base envira-lightbox-theme-base\" itemscope itemtype=\"https:\/\/schema.org\/ImageGallery\"><div data-row-height=\"\" data-gallery-theme=\"\" id=\"envira-gallery-1153\" class=\"envira-gallery-public  envira-gallery-1-columns envira-clear enviratope envira-gallery-css-animations\" data-envira-columns=\"1\"><div id=\"envira-gallery-item-1379\" class=\"envira-gallery-item enviratope-item envira-gallery-item-1\" style=\"padding-left: 5px; padding-bottom: 10px; padding-right: 5px;\"  itemscope itemtype=\"https:\/\/schema.org\/ImageObject\"><div class=\"envira-gallery-item-inner\"><div class=\"envira-gallery-position-overlay  envira-gallery-top-left\"><\/div><div class=\"envira-gallery-position-overlay  envira-gallery-top-right\"><\/div><div class=\"envira-gallery-position-overlay  envira-gallery-bottom-left\"><\/div><div class=\"envira-gallery-position-overlay  envira-gallery-bottom-right\"><\/div><a href=\"http:\/\/academiaderock.ro\/wp-content\/uploads\/2019\/08\/20260130-Koko-Loko.jpg\" class=\"envira-gallery-1153 envira-gallery-link\" rel=\"enviragallery1153\" title=\"20260130-Koko-Loko\" data-envira-caption=\"20260130-Koko-Loko\" data-envira-retina=\"\" data-thumbnail=\"\"  itemprop=\"contentUrl\"><img decoding=\"async\" id=\"envira-gallery-image-1379\" class=\"envira-gallery-image envira-gallery-image-1\" data-envira-index=\"1\" src=\"http:\/\/academiaderock.ro\/wp-content\/uploads\/2019\/08\/20260130-Koko-Loko-1020x1024-640x480.jpg\" data-envira-src=\"http:\/\/academiaderock.ro\/wp-content\/uploads\/2019\/08\/20260130-Koko-Loko-1020x1024-640x480.jpg\" data-envira-gallery-id=\"1153\" data-envira-item-id=\"1379\" data-envira-caption=\"20260130-Koko-Loko\" alt=\"\" title=\"20260130-Koko-Loko\"  itemprop=\"thumbnailUrl\" data-envira-srcset=\"http:\/\/academiaderock.ro\/wp-content\/uploads\/2019\/08\/20260130-Koko-Loko-1020x1024-640x480.jpg 400w,http:\/\/academiaderock.ro\/wp-content\/uploads\/2019\/08\/20260130-Koko-Loko-1020x1024-640x480.jpg 2x\" srcset=\"http:\/\/academiaderock.ro\/wp-content\/uploads\/2019\/08\/20260130-Koko-Loko-1280x960.jpg 2x\" \/><\/a><\/div><\/div><\/div><\/div><noscript><img decoding=\"async\" src=\"http:\/\/academiaderock.ro\/wp-content\/uploads\/2019\/08\/20260130-Koko-Loko.jpg\" alt=\"\" \/><\/noscript>\n<p>Promo: <a href=\"http:\/\/youtu.be\/Na_JfVdjm4w\" target=\"_blank\" rel=\"noopener\">Academia de Rock pe YouTube<\/a><br \/>\n&nbsp;<br \/>\n<!--\n\n\n<h3>Academia Rock Camp<\/h3>\n\n\n<strong>Academia Rock Camp<\/strong>, Edi\u0163ia 32 se organizeaz\u0103 \u00een perioada 28 iulie - 3 august 2025 la Bu\u015fteni (jud. Prahova).\n\nLa Academia Rock Camp se asigur\u0103 cazarea (6 nop\u021bi) \u00eentr-o vil\u0103 cochet\u0103, mas\u0103 bio (3 mese\/zi), 4 \u015fedinte de chitar\u0103 + canto, teorie \/ zi cu Adi Manolovici \u015fi un concert de final.\n\n\u00cen cadrul \u015fedin\u0163elor de chitar\u0103, prof. Adi Manolovici v\u0103 va inv\u0103\u0163a tehnic\u0103 chitaristic\u0103, studii \u015fi piese muzicale \u00een func\u0163ie de gradul de preg\u0103tire al cursantului.\n\nProgramul sportiv este la alegere: ping-pong, badminton sau fotbal etc.\n\nIn cadrul evenimentului se mai asigur\u0103 o excursie la Cascada Url\u0103toare, Castelul Cantacuzino, un foc de tab\u0103r\u0103 cu cartofi cop\u0163i \u015fi gr\u0103tar, proiec\u0163ie concerte pe ecran gigant, istoria Rock-ului \u015fi multe alte jocuri de socializare.\n\nVila, cotat\u0103 cu 3 stele are mai multe facilit\u0103\u021bi: Wifi gratuit, televiziune prin cablu, ap\u0103 cald\u0103 non-stop, balcoane cu vedere spre masivul Bucegi, terase acoperite, gr\u0103tar, teren de joac\u0103, etc.\n\nNum\u0103rul de locuri este limitat, un motiv \u00een plus s\u0103 v\u0103 inscrie\u0163i p\u00e2n\u0103 la data de 1 aprilie 2025 la tel. 0766 - MANOLO.\n\nAcademia de Rock este prima \u0219coal\u0103 de chitar\u0103 rock din Rom\u00e2nia \u0219i are o vechime de peste 25 de ani.\n\n[envira-gallery id=\"1074\"]\n\n*Academia de Rock \u00ee\u0219i rezerv\u0103 dreptul de a selecta participan\u021bii. Nu se primesc dec\u00e2t persoane serioase \u0219i motivate, iar actele anti-sociale sau gol\u0103niile nu sunt tolerate.\n\n\u00cen fiecare an are loc \u201cAcademia Rock Camp\u201d, unde participan\u021bii se distreaz\u0103 \u0219i exerseaz\u0103. Vezi cum au fost <a href=\"http:\/\/www.academiaderock.ro\/?page_id=11\">edi\u021biile trecute<\/a>.\n\n#academiaderock #manolovici #academiarockcamp  #invatachitaracuunprofesionist #tabararock #guitarworkshop  #cursuridechitara #lectiidechitara #cursurichitara #lectiichitara #keeponrockin #rock #romania #busteni #guitarhero #lordofthestrings #guitarvirtuoso #donmanolo #adriani\n--><\/p>\n<table>\n<tbody>\n<tr>\n<td><a href=\"http:\/\/www.manolovici.ro\" target=\"_blank\" rel=\"noopener\"><img decoding=\"async\" src=\".\/wp-content\/resource\/logo\/logo_manolovici2.png\" alt=\"Manolovici.ro\"><\/a><\/td>\n<td><img decoding=\"async\" src=\".\/wp-content\/resource\/logo\/logo_nationala1.png\" alt=\"NationaladeRock.ro\"><\/td>\n<td><a href=\"http:\/\/www.academiaderock.ro\/?page_id=974\" target=\"_blank\" rel=\"noopener\"><img decoding=\"async\" src=\".\/wp-content\/resource\/logo\/logo_syndikate1.png\" alt=\"Syndikate.ro\"><\/a><\/td>\n<\/tr>\n<\/tbody>\n<\/table>\n","protected":false},"excerpt":{"rendered":"<p>Inva\u021b\u0103 s\u0103 c\u00e2n\u021bi la chitar\u0103 al\u0103turi de un profesionist dup\u0103 o metod\u0103 proprie \u0219i interna\u021bional\u0103 po\u021bi deveni un chitarist de excep\u021bie. Te po\u021bi \u00eenscrie la telefon 0766 \u2013 MANOLO. Eveniment 30 ianuarie 2026 &#8211; Friday night in Koko Loko \ud83d\udcc6 Vineri, 30 ianuarie 2026 \ud83d\udd59 Open doors at 7PM \u260e\ufe0f Rezerv\u0103ri: 0766&nbsp;626&nbsp;656 \ud83c\udf0d Str. Mihaela &hellip; <a href=\"\/\" class=\"more-link\">Continue reading <span class=\"screen-reader-text\">Bun venit!<\/span> <span class=\"meta-nav\">&rarr;<\/span><\/a><\/p>\n","protected":false},"author":1,"featured_media":0,"parent":0,"menu_order":0,"comment_status":"closed","ping_status":"closed","template":"","meta":{"footnotes":""},"_links":{"self":[{"href":"\/index.php?rest_route=\/wp\/v2\/pages\/51"}],"collection":[{"href":"\/index.php?rest_route=\/wp\/v2\/pages"}],"about":[{"href":"\/index.php?rest_route=\/wp\/v2\/types\/page"}],"author":[{"embeddable":true,"href":"\/index.php?rest_route=\/wp\/v2\/users\/1"}],"replies":[{"embeddable":true,"href":"\/index.php?rest_route=%2Fwp%2Fv2%2Fcomments&post=51"}],"version-history":[{"count":217,"href":"\/index.php?rest_route=\/wp\/v2\/pages\/51\/revisions"}],"predecessor-version":[{"id":1380,"href":"\/index.php?rest_route=\/wp\/v2\/pages\/51\/revisions\/1380"}],"wp:attachment":[{"href":"\/index.php?rest_route=%2Fwp%2Fv2%2Fmedia&parent=51"}],"curies":[{"name":"wp","href":"https:\/\/api.w.org\/{rel}","templated":true}]}}